{"id":391,"date":"2016-12-29T15:04:12","date_gmt":"2016-12-29T19:04:12","guid":{"rendered":"http:\/\/www.sonimec.ca\/?page_id=391"},"modified":"2017-05-22T14:58:41","modified_gmt":"2017-05-22T18:58:41","slug":"solutions","status":"publish","type":"page","link":"https:\/\/www.sonimec.ca\/index.php\/solutions\/","title":{"rendered":"Solutions"},"content":{"rendered":"<p>[vc_row][vc_column][vc_column_text]<div id=\"grid-gallery-2-64442\" data-gg-id=\"2\" data-title=\"Solution\" data-grid-type=\"0\" data-offset=\"7.3\" data-area-position=\"center\" data-icons=\"false\" data-preloader=\"true\" data-width=\"215\" data-height=\"215\" data-padding=\"0\" data-quicksand=\"disabled\" data-quicksand-duration=\"none\" data-popup-theme=\"theme_6\" data-popup-type=\"pretty-photo\" data-popup-image-text=\"data-description\" data-popup-widthsize=\"auto\" data-popup-heightsize=\"auto\" data-popup-i18n-words=\"{&quot;close&quot;:&quot;fermer&quot;,&quot;next&quot;:&quot;suivant&quot;,&quot;previous&quot;:&quot;pr\\u00e9c\\u00e9dent&quot;,&quot;start_slideshow&quot;:&quot;d\\u00e9marrer le diaporama&quot;,&quot;stop_slideshow&quot;:&quot;arr\\u00e9ter le diaporama&quot;,&quot;image&quot;:&quot;image&quot;,&quot;of&quot;:&quot;de&quot;,&quot;prev&quot;:&quot;pr\\u00e9c.&quot;,&quot;cExpand&quot;:&quot;Agrandir&quot;,&quot;cPrevious&quot;:&quot;Pr\\u00e9c\\u00e9dent&quot;,&quot;cNext&quot;:&quot;Suivant&quot;,&quot;cExpandStr&quot;:&quot;Agrandir l&#039;image&quot;,&quot;cRotate&quot;:&quot;Pivoter&quot;,&quot;cDetails&quot;:&quot;Details&quot;}\" data-popup-slideshow=\"false\" data-popup-slideshow-speed=\"2500\" data-popup-hoverstop=\"false\" data-popup-slideshow-auto=\"false\" data-popup-background=\"\" data-popup-transparency=\"30\" data-popup-disable-history=\"\" data-popup-disable-changed-url=\"\" data-popup-border-type=\"\" data-popup-border-color=\"\" data-popup-border-width=\"\" data-popup-border-enable=\"\" data-fullscreen=\"false\" data-hide-tooltip=\"false\" data-caption-font-family=\"Default\" data-caption-text-size=\"170\" data-is-mobile=\"0\" data-caption-mobile=\"false\" data-hide-long-tltp-title=\"0\" data-caption-disabled-on-mobile=\"false\" data-popup-placement-type=\"0\" data-social-sharing=\"{&quot;enabled&quot;:&quot;&quot;,&quot;gallerySharing&quot;:{&quot;enabled&quot;:null,&quot;position&quot;:null},&quot;imageSharing&quot;:{&quot;enabled&quot;:null,&quot;wrapperClass&quot;:&quot; vertical &quot;},&quot;popupSharing&quot;:{&quot;enabled&quot;:null,&quot;wrapperClass&quot;:&quot; vertical &quot;}}\" class=\"grid-gallery grid-gallery-fixed \" style=\" width:100%; height:auto; margin-left:auto; margin-right:auto;position:relative;\"> <div class=\"gallery-loading\"> <div class=\"blocks\"> <div class=\"block\"><\/div> <div class=\"block\"><\/div> <div class=\"block\"><\/div> <div class=\"block\"><\/div> <\/div> <\/div> <div class=\"gallery-sharing-top\"><\/div> <div id=\"photos-2\" class=\"grid-gallery-photos\"><a id=\"gg-2-20\" class=\"gg-link \" data-attachment-id=\"244\" href=\"http:\/\/www.sonimec.ca\/?p=211\" target=\"_self\" title=\"Kiosque affichagre dynamique\" rel=\"\" data-type=\"link\" style=\"border-radius:100%;\" ><FIGURE class=\"grid-gallery-caption\" data-grid-gallery-type=\"tunnel\" data-index=\"0\" style=\"display:none;border:5pxsolid#ffffff; border-radius:100%; box-shadow:0px 0px 10px #000000;; margin:7.3px; width:2150;\" ><div class=\"crop\" style=\" width:2150; height:2150; overflow:hidden;\"><img src=\"http:\/\/www.sonimec.ca\/wp-content\/uploads\/2015\/04\/TV3-215x215.jpeg\" class=\"ggImg\" alt=\"Kiosque \" title=\"Kiosque affichagre dynamique\" data-description=\"Kiosque affichagre dynamique\" data-caption=\"Affichage Dynamique\" data-title=\"Kiosque d&#039;affichage dynamique vertical\" style=\" width:215px; height:215px;\" \/><\/div><FIGCAPTION class=\"\" data-alpha=\"5\" style=\"color:#ffffff; background-color:#0c0a00; font-size:170; text-align:center; font-family:Default;\" ><div class=\"grid-gallery-figcaption-wrap\" style=\" vertical-align:middle;\"><div class=\"gg-image-caption fitvidsignore\" style=\"font-size:170;\"><object type=\"none\/none\">Affichage Dynamique <\/object><\/div><\/div><\/FIGCAPTION><\/FIGURE><\/a><a id=\"gg-2-21\" class=\"gg-link \" data-attachment-id=\"425\" href=\"https:\/\/www.sonimec.ca\/wp-content\/uploads\/2016\/12\/images.jpeg?gid=2\" target=\"_self\" title=\"Projecteurs\" data-rel=\"prettyPhoto[pp_gal]\" style=\"border-radius:100%;\" ><FIGURE class=\"grid-gallery-caption\" data-grid-gallery-type=\"tunnel\" data-index=\"1\" style=\"display:none;border:5pxsolid#ffffff; border-radius:100%; box-shadow:0px 0px 10px #000000;; margin:7.3px; width:2150;\" ><div class=\"crop\" style=\" width:2150; height:2150; overflow:hidden;\"><img src=\"http:\/\/www.sonimec.ca\/wp-content\/uploads\/2016\/12\/images-215x215.jpeg\" class=\"ggImg\" alt=\"A venir\" title=\"Projecteurs\" data-description=\"Projecteurs\" data-caption=\"Ecran et Projection\" data-title=\"Projecteur LED, 3LCD Hitachi\" style=\" width:215px; height:215px;\" \/><\/div><FIGCAPTION class=\"\" data-alpha=\"5\" style=\"color:#ffffff; background-color:#0c0a00; font-size:170; text-align:center; font-family:Default;\" ><div class=\"grid-gallery-figcaption-wrap\" style=\" vertical-align:middle;\"><div class=\"gg-image-caption fitvidsignore\" style=\"font-size:170;\"><object type=\"none\/none\">Ecran et Projection <\/object><\/div><\/div><\/FIGCAPTION><\/FIGURE><\/a><a id=\"gg-2-22\" class=\"gg-link \" data-attachment-id=\"271\" href=\"http:\/\/www.barco.com\/fr\/Produits\/Pr\u00e9sentation-et-collaboration\/Syst\u00e8me-de-pr\u00e9sentation-sans-fil-ClickShare\" target=\"_blank\" title=\"Collaboration sans fil\" rel=\"\" data-type=\"link\" style=\"border-radius:100%;\" ><FIGURE class=\"grid-gallery-caption\" data-grid-gallery-type=\"tunnel\" data-index=\"2\" style=\"display:none;border:5pxsolid#ffffff; border-radius:100%; box-shadow:0px 0px 10px #000000;; margin:7.3px; width:2150;\" ><div class=\"crop\" style=\" width:2150; height:2150; overflow:hidden;\"><img src=\"http:\/\/www.sonimec.ca\/wp-content\/uploads\/2016\/01\/clickshare-CSM-05_s-jpg-1-215x215.jpg\" class=\"ggImg\" alt=\"ClickShare\" title=\"Collaboration sans fil \" data-description=\"Collaboration sans fil \" data-caption=\"ClickShare CMS-1 ClickShare Mini\" data-title=\"clickshare CSM ClickShare Mini avec 2 boutons USB\" style=\" width:215px; height:215px;\" \/><\/div><FIGCAPTION class=\"\" data-alpha=\"5\" style=\"color:#ffffff; background-color:#0c0a00; font-size:170; text-align:center; font-family:Default;\" ><div class=\"grid-gallery-figcaption-wrap\" style=\" vertical-align:middle;\"><div class=\"gg-image-caption fitvidsignore\" style=\"font-size:170;\"><object type=\"none\/none\">ClickShare CMS-1 ClickShare Mini <\/object><\/div><\/div><\/FIGCAPTION><\/FIGURE><\/a><a id=\"gg-2-23\" class=\"gg-link \" data-attachment-id=\"205\" href=\"http:\/\/www.sonimec.ca\/?p=197\" target=\"_self\" title=\"Bose Commercial Processeur ESP\" rel=\"\" data-type=\"link\" style=\"border-radius:100%;\" ><FIGURE class=\"grid-gallery-caption\" data-grid-gallery-type=\"tunnel\" data-index=\"3\" style=\"display:none;border:5pxsolid#ffffff; border-radius:100%; box-shadow:0px 0px 10px #000000;; margin:7.3px; width:2150;\" ><div class=\"crop\" style=\" width:2150; height:2150; overflow:hidden;\"><img src=\"http:\/\/www.sonimec.ca\/wp-content\/uploads\/2015\/04\/ESP160011_sm-215x215.jpg\" class=\"ggImg\" alt=\"Bose Pro\" title=\"Bose Commercial Processeur ESP \" data-description=\"Bose Commercial Processeur ESP \" data-caption=\"Sonorisation de Zone \" data-title=\"ESP1204 Processeur Bose Commercial\" style=\" width:215px; height:215px;\" \/><\/div><FIGCAPTION class=\"\" data-alpha=\"5\" style=\"color:#ffffff; background-color:#0c0a00; font-size:170; text-align:center; font-family:Default;\" ><div class=\"grid-gallery-figcaption-wrap\" style=\" vertical-align:middle;\"><div class=\"gg-image-caption fitvidsignore\" style=\"font-size:170;\"><object type=\"none\/none\">Sonorisation de Zone <\/object><\/div><\/div><\/FIGCAPTION><\/FIGURE><\/a><a id=\"gg-2-24\" class=\"gg-link \" data-attachment-id=\"265\" href=\"http:\/\/www.sonimec.ca\/?p=269\" target=\"_self\" title=\"Confrence\" rel=\"\" data-type=\"link\" style=\"border-radius:100%;\" ><FIGURE class=\"grid-gallery-caption\" data-grid-gallery-type=\"tunnel\" data-index=\"4\" style=\"display:none;border:5pxsolid#ffffff; border-radius:100%; box-shadow:0px 0px 10px #000000;; margin:7.3px; width:2150;\" ><div class=\"crop\" style=\" width:2150; height:2150; overflow:hidden;\"><img src=\"http:\/\/www.sonimec.ca\/wp-content\/uploads\/2015\/08\/Confrence-215x215.png\" class=\"ggImg\" alt=\"Confrence\" title=\"Confrence\" data-description=\"Confrence\" data-caption=\"Collaboration\" data-title=\"Confrence\" style=\" width:215px; height:215px;\" \/><\/div><FIGCAPTION class=\"\" data-alpha=\"5\" style=\"color:#ffffff; background-color:#0c0a00; font-size:170; text-align:center; font-family:Default;\" ><div class=\"grid-gallery-figcaption-wrap\" style=\" vertical-align:middle;\"><div class=\"gg-image-caption fitvidsignore\" style=\"font-size:170;\"><object type=\"none\/none\">Collaboration <\/object><\/div><\/div><\/FIGCAPTION><\/FIGURE><\/a> <div class=\"grid-gallery-clearfix\"><\/div> <\/div> <div class=\"gallery-sharing-bottom\"><\/div> <div class=\"grid-gallery-clearfix\"><\/div> <\/div> <!-- Gallery by Supsystic plugin1.15.13 -->[\/vc_column_text][\/vc_column][\/vc_row][vc_row][vc_column][vc_column_text]<strong>Nous vendons pr\u00e8s de 200 marques de produits audio et vid\u00e9o pour tout genre de commerces ou institutions publiques.<\/strong><\/p>\n<p><strong>-Enseignement<\/strong><\/p>\n<p><strong>-Corporatif , entreprise.<\/strong><\/p>\n<p><strong>-Installation sportive.<\/strong><\/p>\n<p><strong>-Restaurant, caf\u00e9t\u00e9ria.<\/strong><\/p>\n<p><strong>-Salle de spectacle, amphith\u00e9\u00e2tre.<\/strong><\/p>\n<p><strong>-Centre de sant\u00e9.<\/strong><\/p>\n<p>&nbsp;<\/p>\n<p>[\/vc_column_text][\/vc_column][\/vc_row]<\/p>\n","protected":false},"excerpt":{"rendered":"<p>[vc_row][vc_column][vc_column_text][\/vc_column_text][\/vc_column][\/vc_row][vc_row][vc_column][vc_column_text]Nous vendons pr\u00e8s de 200 marques de produits audio et vid\u00e9o pour tout genre de commerces ou institutions publiques. -Enseignement -Corporatif , entreprise. -Installation sportive. -Restaurant, caf\u00e9t\u00e9ria. -Salle de spectacle, amphith\u00e9\u00e2tre. -Centre de sant\u00e9. &nbsp; [\/vc_column_text][\/vc_column][\/vc_row]<\/p>\n","protected":false},"author":1,"featured_media":0,"parent":0,"menu_order":0,"comment_status":"closed","ping_status":"closed","template":"","meta":[],"categories":[],"tags":[],"yoast_head":"<!-- This site is optimized with the Yoast SEO plugin v19.8 - https:\/\/yoast.com\/wordpress\/plugins\/seo\/ -->\n<title>Solutions - Sonimec<\/title>\n<meta name=\"robots\" content=\"index, follow, max-snippet:-1, max-image-preview:large, max-video-preview:-1\" \/>\n<link rel=\"canonical\" href=\"https:\/\/www.sonimec.ca\/index.php\/solutions\/\" \/>\n<meta property=\"og:locale\" content=\"fr_FR\" \/>\n<meta property=\"og:type\" content=\"article\" \/>\n<meta property=\"og:title\" content=\"Solutions - Sonimec\" \/>\n<meta property=\"og:description\" content=\"[vc_row][vc_column][vc_column_text][\/vc_column_text][\/vc_column][\/vc_row][vc_row][vc_column][vc_column_text]Nous vendons pr\u00e8s de 200 marques de produits audio et vid\u00e9o pour tout genre de commerces ou institutions publiques. -Enseignement -Corporatif , entreprise. -Installation sportive. -Restaurant, caf\u00e9t\u00e9ria. -Salle de spectacle, amphith\u00e9\u00e2tre. -Centre de sant\u00e9. &nbsp; [\/vc_column_text][\/vc_column][\/vc_row]\" \/>\n<meta property=\"og:url\" content=\"https:\/\/www.sonimec.ca\/index.php\/solutions\/\" \/>\n<meta property=\"og:site_name\" content=\"Sonimec\" \/>\n<meta property=\"article:publisher\" content=\"https:\/\/www.facebook.com\/sonimec.ca\/\" \/>\n<meta property=\"article:modified_time\" content=\"2017-05-22T18:58:41+00:00\" \/>\n<meta name=\"twitter:card\" content=\"summary_large_image\" \/>\n<script type=\"application\/ld+json\" class=\"yoast-schema-graph\">{\"@context\":\"https:\/\/schema.org\",\"@graph\":[{\"@type\":\"WebPage\",\"@id\":\"https:\/\/www.sonimec.ca\/index.php\/solutions\/\",\"url\":\"https:\/\/www.sonimec.ca\/index.php\/solutions\/\",\"name\":\"Solutions - Sonimec\",\"isPartOf\":{\"@id\":\"https:\/\/www.sonimec.ca\/#website\"},\"datePublished\":\"2016-12-29T19:04:12+00:00\",\"dateModified\":\"2017-05-22T18:58:41+00:00\",\"breadcrumb\":{\"@id\":\"https:\/\/www.sonimec.ca\/index.php\/solutions\/#breadcrumb\"},\"inLanguage\":\"fr-FR\",\"potentialAction\":[{\"@type\":\"ReadAction\",\"target\":[\"https:\/\/www.sonimec.ca\/index.php\/solutions\/\"]}]},{\"@type\":\"BreadcrumbList\",\"@id\":\"https:\/\/www.sonimec.ca\/index.php\/solutions\/#breadcrumb\",\"itemListElement\":[{\"@type\":\"ListItem\",\"position\":1,\"name\":\"Accueil\",\"item\":\"https:\/\/www.sonimec.ca\/\"},{\"@type\":\"ListItem\",\"position\":2,\"name\":\"Solutions\"}]},{\"@type\":\"WebSite\",\"@id\":\"https:\/\/www.sonimec.ca\/#website\",\"url\":\"https:\/\/www.sonimec.ca\/\",\"name\":\"Sonimec\",\"description\":\"Audiovisuel Commercial\",\"publisher\":{\"@id\":\"https:\/\/www.sonimec.ca\/#organization\"},\"potentialAction\":[{\"@type\":\"SearchAction\",\"target\":{\"@type\":\"EntryPoint\",\"urlTemplate\":\"https:\/\/www.sonimec.ca\/?s={search_term_string}\"},\"query-input\":\"required name=search_term_string\"}],\"inLanguage\":\"fr-FR\"},{\"@type\":\"Organization\",\"@id\":\"https:\/\/www.sonimec.ca\/#organization\",\"name\":\"Sonimec\",\"url\":\"https:\/\/www.sonimec.ca\/\",\"sameAs\":[\"https:\/\/www.linkedin.com\/in\/daniel-bolduc-00535358\/\",\"https:\/\/www.facebook.com\/sonimec.ca\/\"],\"logo\":{\"@type\":\"ImageObject\",\"inLanguage\":\"fr-FR\",\"@id\":\"https:\/\/www.sonimec.ca\/#\/schema\/logo\/image\/\",\"url\":\"http:\/\/www.sonimec.ca\/wp-content\/uploads\/2017\/09\/Sonimec-GR-DM.jpg\",\"contentUrl\":\"http:\/\/www.sonimec.ca\/wp-content\/uploads\/2017\/09\/Sonimec-GR-DM.jpg\",\"width\":1660,\"height\":298,\"caption\":\"Sonimec\"},\"image\":{\"@id\":\"https:\/\/www.sonimec.ca\/#\/schema\/logo\/image\/\"}}]}<\/script>\n<!-- \/ Yoast SEO plugin. -->","yoast_head_json":{"title":"Solutions - Sonimec","robots":{"index":"index","follow":"follow","max-snippet":"max-snippet:-1","max-image-preview":"max-image-preview:large","max-video-preview":"max-video-preview:-1"},"canonical":"https:\/\/www.sonimec.ca\/index.php\/solutions\/","og_locale":"fr_FR","og_type":"article","og_title":"Solutions - Sonimec","og_description":"[vc_row][vc_column][vc_column_text][\/vc_column_text][\/vc_column][\/vc_row][vc_row][vc_column][vc_column_text]Nous vendons pr\u00e8s de 200 marques de produits audio et vid\u00e9o pour tout genre de commerces ou institutions publiques. -Enseignement -Corporatif , entreprise. -Installation sportive. -Restaurant, caf\u00e9t\u00e9ria. -Salle de spectacle, amphith\u00e9\u00e2tre. -Centre de sant\u00e9. &nbsp; [\/vc_column_text][\/vc_column][\/vc_row]","og_url":"https:\/\/www.sonimec.ca\/index.php\/solutions\/","og_site_name":"Sonimec","article_publisher":"https:\/\/www.facebook.com\/sonimec.ca\/","article_modified_time":"2017-05-22T18:58:41+00:00","twitter_card":"summary_large_image","schema":{"@context":"https:\/\/schema.org","@graph":[{"@type":"WebPage","@id":"https:\/\/www.sonimec.ca\/index.php\/solutions\/","url":"https:\/\/www.sonimec.ca\/index.php\/solutions\/","name":"Solutions - Sonimec","isPartOf":{"@id":"https:\/\/www.sonimec.ca\/#website"},"datePublished":"2016-12-29T19:04:12+00:00","dateModified":"2017-05-22T18:58:41+00:00","breadcrumb":{"@id":"https:\/\/www.sonimec.ca\/index.php\/solutions\/#breadcrumb"},"inLanguage":"fr-FR","potentialAction":[{"@type":"ReadAction","target":["https:\/\/www.sonimec.ca\/index.php\/solutions\/"]}]},{"@type":"BreadcrumbList","@id":"https:\/\/www.sonimec.ca\/index.php\/solutions\/#breadcrumb","itemListElement":[{"@type":"ListItem","position":1,"name":"Accueil","item":"https:\/\/www.sonimec.ca\/"},{"@type":"ListItem","position":2,"name":"Solutions"}]},{"@type":"WebSite","@id":"https:\/\/www.sonimec.ca\/#website","url":"https:\/\/www.sonimec.ca\/","name":"Sonimec","description":"Audiovisuel Commercial","publisher":{"@id":"https:\/\/www.sonimec.ca\/#organization"},"potentialAction":[{"@type":"SearchAction","target":{"@type":"EntryPoint","urlTemplate":"https:\/\/www.sonimec.ca\/?s={search_term_string}"},"query-input":"required name=search_term_string"}],"inLanguage":"fr-FR"},{"@type":"Organization","@id":"https:\/\/www.sonimec.ca\/#organization","name":"Sonimec","url":"https:\/\/www.sonimec.ca\/","sameAs":["https:\/\/www.linkedin.com\/in\/daniel-bolduc-00535358\/","https:\/\/www.facebook.com\/sonimec.ca\/"],"logo":{"@type":"ImageObject","inLanguage":"fr-FR","@id":"https:\/\/www.sonimec.ca\/#\/schema\/logo\/image\/","url":"http:\/\/www.sonimec.ca\/wp-content\/uploads\/2017\/09\/Sonimec-GR-DM.jpg","contentUrl":"http:\/\/www.sonimec.ca\/wp-content\/uploads\/2017\/09\/Sonimec-GR-DM.jpg","width":1660,"height":298,"caption":"Sonimec"},"image":{"@id":"https:\/\/www.sonimec.ca\/#\/schema\/logo\/image\/"}}]}},"_links":{"self":[{"href":"https:\/\/www.sonimec.ca\/index.php\/wp-json\/wp\/v2\/pages\/391"}],"collection":[{"href":"https:\/\/www.sonimec.ca\/index.php\/wp-json\/wp\/v2\/pages"}],"about":[{"href":"https:\/\/www.sonimec.ca\/index.php\/wp-json\/wp\/v2\/types\/page"}],"author":[{"embeddable":true,"href":"https:\/\/www.sonimec.ca\/index.php\/wp-json\/wp\/v2\/users\/1"}],"replies":[{"embeddable":true,"href":"https:\/\/www.sonimec.ca\/index.php\/wp-json\/wp\/v2\/comments?post=391"}],"version-history":[{"count":14,"href":"https:\/\/www.sonimec.ca\/index.php\/wp-json\/wp\/v2\/pages\/391\/revisions"}],"predecessor-version":[{"id":550,"href":"https:\/\/www.sonimec.ca\/index.php\/wp-json\/wp\/v2\/pages\/391\/revisions\/550"}],"wp:attachment":[{"href":"https:\/\/www.sonimec.ca\/index.php\/wp-json\/wp\/v2\/media?parent=391"}],"wp:term":[{"taxonomy":"category","embeddable":true,"href":"https:\/\/www.sonimec.ca\/index.php\/wp-json\/wp\/v2\/categories?post=391"},{"taxonomy":"post_tag","embeddable":true,"href":"https:\/\/www.sonimec.ca\/index.php\/wp-json\/wp\/v2\/tags?post=391"}],"curies":[{"name":"wp","href":"https:\/\/api.w.org\/{rel}","templated":true}]}}