{"id":13,"date":"2015-04-06T17:25:11","date_gmt":"2015-04-06T21:25:11","guid":{"rendered":"https:\/\/sonimec.wordpress.com\/?page_id=13"},"modified":"2020-05-05T12:20:57","modified_gmt":"2020-05-05T16:20:57","slug":"installations","status":"publish","type":"page","link":"https:\/\/www.sonimec.ca\/","title":{"rendered":"Audio Visuel Commercial"},"content":{"rendered":"<p>[vc_row][vc_column width=&#8221;2\/3&#8243;][vc_column_text]<\/p>\n<p style=\"text-align: right;\"><a href=\"http:\/\/www.sonimec.ca\/wp-content\/uploads\/2015\/04\/CDFD_0157_web_1024.jpg\"><img loading=\"lazy\" class=\"size-medium wp-image-285 alignright\" src=\"http:\/\/www.sonimec.ca\/wp-content\/uploads\/2015\/04\/CDFD_0157_web_1024-300x225.jpg\" alt=\"\" width=\"300\" height=\"225\" srcset=\"https:\/\/www.sonimec.ca\/wp-content\/uploads\/2015\/04\/CDFD_0157_web_1024-300x225.jpg 300w, https:\/\/www.sonimec.ca\/wp-content\/uploads\/2015\/04\/CDFD_0157_web_1024-768x576.jpg 768w, https:\/\/www.sonimec.ca\/wp-content\/uploads\/2015\/04\/CDFD_0157_web_1024.jpg 1024w, https:\/\/www.sonimec.ca\/wp-content\/uploads\/2015\/04\/CDFD_0157_web_1024-648x486.jpg 648w, https:\/\/www.sonimec.ca\/wp-content\/uploads\/2015\/04\/CDFD_0157_web_1024-256x192.jpg 256w\" sizes=\"(max-width: 300px) 100vw, 300px\" \/><\/a><\/p>\n<p><strong>LE SON ET L&#8217;IMAGE DE VOTRE ENTREPRISE.<\/strong><\/p>\n<p style=\"text-align: left;\">Ventes<br \/>\nInstallations<br \/>\nService consultant<\/p>\n<p style=\"text-align: left;\">819 967-4222<\/p>\n<p>[\/vc_column_text][\/vc_column][vc_column width=&#8221;1\/3&#8243;][vc_column_text]<strong>Produits<\/strong><\/p>\n<p>Audio, visioconf\u00e9rence. Collaboration<\/p>\n<p>Affichage dynamique int\u00e9rieur et ext\u00e9rieur. Media player. Vid\u00e9o wall<\/p>\n<p>Projection, \u00e9crans.<\/p>\n<p>Sonorisation int\u00e9rieur et ext\u00e9rieur.<\/p>\n<p>Sound masking<\/p>\n<p>Distribution vid\u00e9o, cam\u00e9ra , web diffusion.[\/vc_column_text][\/vc_column][\/vc_row]<\/p>\n","protected":false},"excerpt":{"rendered":"<p>[vc_row][vc_column width=&#8221;2\/3&#8243;][vc_column_text] LE SON ET L&#8217;IMAGE DE VOTRE ENTREPRISE. Ventes Installations Service consultant 819 967-4222 [\/vc_column_text][\/vc_column][vc_column width=&#8221;1\/3&#8243;][vc_column_text]Produits Audio, visioconf\u00e9rence. Collaboration Affichage dynamique int\u00e9rieur et ext\u00e9rieur. Media player. Vid\u00e9o wall Projection, \u00e9crans. Sonorisation int\u00e9rieur et ext\u00e9rieur. Sound masking Distribution vid\u00e9o, cam\u00e9ra , web diffusion.[\/vc_column_text][\/vc_column][\/vc_row]<\/p>\n","protected":false},"author":1,"featured_media":283,"parent":0,"menu_order":0,"comment_status":"closed","ping_status":"closed","template":"","meta":[],"categories":[],"tags":[],"yoast_head":"<!-- This site is optimized with the Yoast SEO plugin v19.8 - https:\/\/yoast.com\/wordpress\/plugins\/seo\/ -->\n<title>Audio Visuel Commercial - Sonimec<\/title>\n<meta name=\"robots\" content=\"index, follow, max-snippet:-1, max-image-preview:large, max-video-preview:-1\" \/>\n<link rel=\"canonical\" href=\"https:\/\/www.sonimec.ca\/\" \/>\n<meta property=\"og:locale\" content=\"fr_FR\" \/>\n<meta property=\"og:type\" content=\"article\" \/>\n<meta property=\"og:title\" content=\"Audio Visuel Commercial - Sonimec\" \/>\n<meta property=\"og:description\" content=\"[vc_row][vc_column width=&#8221;2\/3&#8243;][vc_column_text] LE SON ET L&#8217;IMAGE DE VOTRE ENTREPRISE. Ventes Installations Service consultant 819 967-4222 [\/vc_column_text][\/vc_column][vc_column width=&#8221;1\/3&#8243;][vc_column_text]Produits Audio, visioconf\u00e9rence. Collaboration Affichage dynamique int\u00e9rieur et ext\u00e9rieur. Media player. Vid\u00e9o wall Projection, \u00e9crans. Sonorisation int\u00e9rieur et ext\u00e9rieur. Sound masking Distribution vid\u00e9o, cam\u00e9ra , web diffusion.[\/vc_column_text][\/vc_column][\/vc_row]\" \/>\n<meta property=\"og:url\" content=\"https:\/\/www.sonimec.ca\/\" \/>\n<meta property=\"og:site_name\" content=\"Sonimec\" \/>\n<meta property=\"article:publisher\" content=\"https:\/\/www.facebook.com\/sonimec.ca\/\" \/>\n<meta property=\"article:modified_time\" content=\"2020-05-05T16:20:57+00:00\" \/>\n<meta property=\"og:image\" content=\"https:\/\/www.sonimec.ca\/wp-content\/uploads\/2015\/04\/CDFD_0194_web_1024.jpg\" \/>\n\t<meta property=\"og:image:width\" content=\"1024\" \/>\n\t<meta property=\"og:image:height\" content=\"768\" \/>\n\t<meta property=\"og:image:type\" content=\"image\/jpeg\" \/>\n<meta name=\"twitter:card\" content=\"summary_large_image\" \/>\n<script type=\"application\/ld+json\" class=\"yoast-schema-graph\">{\"@context\":\"https:\/\/schema.org\",\"@graph\":[{\"@type\":\"WebPage\",\"@id\":\"https:\/\/www.sonimec.ca\/\",\"url\":\"https:\/\/www.sonimec.ca\/\",\"name\":\"Audio Visuel Commercial - Sonimec\",\"isPartOf\":{\"@id\":\"https:\/\/www.sonimec.ca\/#website\"},\"datePublished\":\"2015-04-06T21:25:11+00:00\",\"dateModified\":\"2020-05-05T16:20:57+00:00\",\"breadcrumb\":{\"@id\":\"https:\/\/www.sonimec.ca\/#breadcrumb\"},\"inLanguage\":\"fr-FR\",\"potentialAction\":[{\"@type\":\"ReadAction\",\"target\":[\"https:\/\/www.sonimec.ca\/\"]}]},{\"@type\":\"BreadcrumbList\",\"@id\":\"https:\/\/www.sonimec.ca\/#breadcrumb\",\"itemListElement\":[{\"@type\":\"ListItem\",\"position\":1,\"name\":\"Accueil\",\"item\":\"https:\/\/www.sonimec.ca\/\"},{\"@type\":\"ListItem\",\"position\":2,\"name\":\"Audio Visuel Commercial\"}]},{\"@type\":\"WebSite\",\"@id\":\"https:\/\/www.sonimec.ca\/#website\",\"url\":\"https:\/\/www.sonimec.ca\/\",\"name\":\"Sonimec\",\"description\":\"Audiovisuel Commercial\",\"publisher\":{\"@id\":\"https:\/\/www.sonimec.ca\/#organization\"},\"potentialAction\":[{\"@type\":\"SearchAction\",\"target\":{\"@type\":\"EntryPoint\",\"urlTemplate\":\"https:\/\/www.sonimec.ca\/?s={search_term_string}\"},\"query-input\":\"required name=search_term_string\"}],\"inLanguage\":\"fr-FR\"},{\"@type\":\"Organization\",\"@id\":\"https:\/\/www.sonimec.ca\/#organization\",\"name\":\"Sonimec\",\"url\":\"https:\/\/www.sonimec.ca\/\",\"sameAs\":[\"https:\/\/www.linkedin.com\/in\/daniel-bolduc-00535358\/\",\"https:\/\/www.facebook.com\/sonimec.ca\/\"],\"logo\":{\"@type\":\"ImageObject\",\"inLanguage\":\"fr-FR\",\"@id\":\"https:\/\/www.sonimec.ca\/#\/schema\/logo\/image\/\",\"url\":\"http:\/\/www.sonimec.ca\/wp-content\/uploads\/2017\/09\/Sonimec-GR-DM.jpg\",\"contentUrl\":\"http:\/\/www.sonimec.ca\/wp-content\/uploads\/2017\/09\/Sonimec-GR-DM.jpg\",\"width\":1660,\"height\":298,\"caption\":\"Sonimec\"},\"image\":{\"@id\":\"https:\/\/www.sonimec.ca\/#\/schema\/logo\/image\/\"}}]}<\/script>\n<!-- \/ Yoast SEO plugin. -->","yoast_head_json":{"title":"Audio Visuel Commercial - Sonimec","robots":{"index":"index","follow":"follow","max-snippet":"max-snippet:-1","max-image-preview":"max-image-preview:large","max-video-preview":"max-video-preview:-1"},"canonical":"https:\/\/www.sonimec.ca\/","og_locale":"fr_FR","og_type":"article","og_title":"Audio Visuel Commercial - Sonimec","og_description":"[vc_row][vc_column width=&#8221;2\/3&#8243;][vc_column_text] LE SON ET L&#8217;IMAGE DE VOTRE ENTREPRISE. Ventes Installations Service consultant 819 967-4222 [\/vc_column_text][\/vc_column][vc_column width=&#8221;1\/3&#8243;][vc_column_text]Produits Audio, visioconf\u00e9rence. Collaboration Affichage dynamique int\u00e9rieur et ext\u00e9rieur. Media player. Vid\u00e9o wall Projection, \u00e9crans. Sonorisation int\u00e9rieur et ext\u00e9rieur. Sound masking Distribution vid\u00e9o, cam\u00e9ra , web diffusion.[\/vc_column_text][\/vc_column][\/vc_row]","og_url":"https:\/\/www.sonimec.ca\/","og_site_name":"Sonimec","article_publisher":"https:\/\/www.facebook.com\/sonimec.ca\/","article_modified_time":"2020-05-05T16:20:57+00:00","og_image":[{"width":1024,"height":768,"url":"https:\/\/www.sonimec.ca\/wp-content\/uploads\/2015\/04\/CDFD_0194_web_1024.jpg","type":"image\/jpeg"}],"twitter_card":"summary_large_image","schema":{"@context":"https:\/\/schema.org","@graph":[{"@type":"WebPage","@id":"https:\/\/www.sonimec.ca\/","url":"https:\/\/www.sonimec.ca\/","name":"Audio Visuel Commercial - Sonimec","isPartOf":{"@id":"https:\/\/www.sonimec.ca\/#website"},"datePublished":"2015-04-06T21:25:11+00:00","dateModified":"2020-05-05T16:20:57+00:00","breadcrumb":{"@id":"https:\/\/www.sonimec.ca\/#breadcrumb"},"inLanguage":"fr-FR","potentialAction":[{"@type":"ReadAction","target":["https:\/\/www.sonimec.ca\/"]}]},{"@type":"BreadcrumbList","@id":"https:\/\/www.sonimec.ca\/#breadcrumb","itemListElement":[{"@type":"ListItem","position":1,"name":"Accueil","item":"https:\/\/www.sonimec.ca\/"},{"@type":"ListItem","position":2,"name":"Audio Visuel Commercial"}]},{"@type":"WebSite","@id":"https:\/\/www.sonimec.ca\/#website","url":"https:\/\/www.sonimec.ca\/","name":"Sonimec","description":"Audiovisuel Commercial","publisher":{"@id":"https:\/\/www.sonimec.ca\/#organization"},"potentialAction":[{"@type":"SearchAction","target":{"@type":"EntryPoint","urlTemplate":"https:\/\/www.sonimec.ca\/?s={search_term_string}"},"query-input":"required name=search_term_string"}],"inLanguage":"fr-FR"},{"@type":"Organization","@id":"https:\/\/www.sonimec.ca\/#organization","name":"Sonimec","url":"https:\/\/www.sonimec.ca\/","sameAs":["https:\/\/www.linkedin.com\/in\/daniel-bolduc-00535358\/","https:\/\/www.facebook.com\/sonimec.ca\/"],"logo":{"@type":"ImageObject","inLanguage":"fr-FR","@id":"https:\/\/www.sonimec.ca\/#\/schema\/logo\/image\/","url":"http:\/\/www.sonimec.ca\/wp-content\/uploads\/2017\/09\/Sonimec-GR-DM.jpg","contentUrl":"http:\/\/www.sonimec.ca\/wp-content\/uploads\/2017\/09\/Sonimec-GR-DM.jpg","width":1660,"height":298,"caption":"Sonimec"},"image":{"@id":"https:\/\/www.sonimec.ca\/#\/schema\/logo\/image\/"}}]}},"_links":{"self":[{"href":"https:\/\/www.sonimec.ca\/index.php\/wp-json\/wp\/v2\/pages\/13"}],"collection":[{"href":"https:\/\/www.sonimec.ca\/index.php\/wp-json\/wp\/v2\/pages"}],"about":[{"href":"https:\/\/www.sonimec.ca\/index.php\/wp-json\/wp\/v2\/types\/page"}],"author":[{"embeddable":true,"href":"https:\/\/www.sonimec.ca\/index.php\/wp-json\/wp\/v2\/users\/1"}],"replies":[{"embeddable":true,"href":"https:\/\/www.sonimec.ca\/index.php\/wp-json\/wp\/v2\/comments?post=13"}],"version-history":[{"count":40,"href":"https:\/\/www.sonimec.ca\/index.php\/wp-json\/wp\/v2\/pages\/13\/revisions"}],"predecessor-version":[{"id":727,"href":"https:\/\/www.sonimec.ca\/index.php\/wp-json\/wp\/v2\/pages\/13\/revisions\/727"}],"wp:featuredmedia":[{"embeddable":true,"href":"https:\/\/www.sonimec.ca\/index.php\/wp-json\/wp\/v2\/media\/283"}],"wp:attachment":[{"href":"https:\/\/www.sonimec.ca\/index.php\/wp-json\/wp\/v2\/media?parent=13"}],"wp:term":[{"taxonomy":"category","embeddable":true,"href":"https:\/\/www.sonimec.ca\/index.php\/wp-json\/wp\/v2\/categories?post=13"},{"taxonomy":"post_tag","embeddable":true,"href":"https:\/\/www.sonimec.ca\/index.php\/wp-json\/wp\/v2\/tags?post=13"}],"curies":[{"name":"wp","href":"https:\/\/api.w.org\/{rel}","templated":true}]}}