{"id":85,"date":"2015-04-07T15:27:58","date_gmt":"2015-04-07T19:27:58","guid":{"rendered":"https:\/\/sonimec.wordpress.com\/?page_id=85"},"modified":"2015-04-07T15:27:58","modified_gmt":"2015-04-07T19:27:58","slug":"complexe-sport-culture","status":"publish","type":"page","link":"http:\/\/www.sonimec.ca\/index.php\/complexe-sport-culture\/","title":{"rendered":"Sport-Culture"},"content":{"rendered":"<div id=\"attachment_91\" style=\"width: 310px\" class=\"wp-caption alignnone\"><a href=\"http:\/\/www.sonimec.ca\/wp-content\/uploads\/2015\/04\/yvan-cournoyer2.jpg\"><img aria-describedby=\"caption-attachment-91\" loading=\"lazy\" class=\"size-medium wp-image-91\" src=\"http:\/\/www.sonimec.ca\/wp-content\/uploads\/2015\/04\/yvan-cournoyer2.jpg?w=300\" alt=\"Arena Yvan Cournoyer\" width=\"300\" height=\"165\" srcset=\"http:\/\/www.sonimec.ca\/wp-content\/uploads\/2015\/04\/yvan-cournoyer2.jpg 1070w, http:\/\/www.sonimec.ca\/wp-content\/uploads\/2015\/04\/yvan-cournoyer2-300x165.jpg 300w, http:\/\/www.sonimec.ca\/wp-content\/uploads\/2015\/04\/yvan-cournoyer2-1024x563.jpg 1024w, http:\/\/www.sonimec.ca\/wp-content\/uploads\/2015\/04\/yvan-cournoyer2-648x356.jpg 648w, http:\/\/www.sonimec.ca\/wp-content\/uploads\/2015\/04\/yvan-cournoyer2-349x192.jpg 349w\" sizes=\"(max-width: 300px) 100vw, 300px\" \/><\/a><p id=\"caption-attachment-91\" class=\"wp-caption-text\">Arena Yvan Cournoyer<\/p><\/div>\n<p>Les installations sportives et culturelles sont au coeur des liens de la communaut\u00e9. Ce sont en effet des lieux de communications et d\u2019\u00e9changes tr\u00e8s importants. Les technologies de diffusion audio-visuels y tiennes donc une place n\u00e9vralgique.\u00a0 L\u2019\u00e9quipe SONIMEC \u00e9tudie soigneusement l\u2019environnement pour obtenir la meilleur qualit\u00e9 de diffusion qui soit, et ce , m\u00eame dans les environnements les plus difficiles. Chez Sonimec, nous savons\u00a0 que se surpasser est un art de vivre.<\/p>\n","protected":false},"excerpt":{"rendered":"<p>Les installations sportives et culturelles sont au coeur des liens de la communaut\u00e9. Ce sont en effet des lieux de communications et d\u2019\u00e9changes tr\u00e8s importants. Les technologies de diffusion audio-visuels y tiennes donc une place n\u00e9vralgique.\u00a0 L\u2019\u00e9quipe SONIMEC \u00e9tudie soigneusement l\u2019environnement pour obtenir la meilleur qualit\u00e9 de diffusion qui soit, et ce , m\u00eame dans<\/p>\n<p class=\"more-link\"><a href=\"http:\/\/www.sonimec.ca\/index.php\/complexe-sport-culture\/\" class=\"themebutton\">Read More<\/a><\/p>\n","protected":false},"author":1,"featured_media":91,"parent":0,"menu_order":0,"comment_status":"closed","ping_status":"closed","template":"page-templates\/full-width-page.php","meta":[],"categories":[],"tags":[],"yoast_head":"<!-- This site is optimized with the Yoast SEO plugin v19.8 - https:\/\/yoast.com\/wordpress\/plugins\/seo\/ -->\n<title>Sport-Culture - Sonimec<\/title>\n<meta name=\"robots\" content=\"index, follow, max-snippet:-1, max-image-preview:large, max-video-preview:-1\" \/>\n<link rel=\"canonical\" href=\"https:\/\/www.sonimec.ca\/index.php\/complexe-sport-culture\/\" \/>\n<meta property=\"og:locale\" content=\"fr_FR\" \/>\n<meta property=\"og:type\" content=\"article\" \/>\n<meta property=\"og:title\" content=\"Sport-Culture - Sonimec\" \/>\n<meta property=\"og:description\" content=\"Les installations sportives et culturelles sont au coeur des liens de la communaut\u00e9. Ce sont en effet des lieux de communications et d\u2019\u00e9changes tr\u00e8s importants. Les technologies de diffusion audio-visuels y tiennes donc une place n\u00e9vralgique.\u00a0 L\u2019\u00e9quipe SONIMEC \u00e9tudie soigneusement l\u2019environnement pour obtenir la meilleur qualit\u00e9 de diffusion qui soit, et ce , m\u00eame dansRead More\" \/>\n<meta property=\"og:url\" content=\"https:\/\/www.sonimec.ca\/index.php\/complexe-sport-culture\/\" \/>\n<meta property=\"og:site_name\" content=\"Sonimec\" \/>\n<meta property=\"article:publisher\" content=\"https:\/\/www.facebook.com\/sonimec.ca\/\" \/>\n<meta property=\"og:image\" content=\"https:\/\/www.sonimec.ca\/wp-content\/uploads\/2015\/04\/yvan-cournoyer2.jpg\" \/>\n\t<meta property=\"og:image:width\" content=\"1070\" \/>\n\t<meta property=\"og:image:height\" content=\"588\" \/>\n\t<meta property=\"og:image:type\" content=\"image\/jpeg\" \/>\n<meta name=\"twitter:card\" content=\"summary_large_image\" \/>\n<script type=\"application\/ld+json\" class=\"yoast-schema-graph\">{\"@context\":\"https:\/\/schema.org\",\"@graph\":[{\"@type\":\"WebPage\",\"@id\":\"https:\/\/www.sonimec.ca\/index.php\/complexe-sport-culture\/\",\"url\":\"https:\/\/www.sonimec.ca\/index.php\/complexe-sport-culture\/\",\"name\":\"Sport-Culture - Sonimec\",\"isPartOf\":{\"@id\":\"http:\/\/www.sonimec.ca\/#website\"},\"datePublished\":\"2015-04-07T19:27:58+00:00\",\"dateModified\":\"2015-04-07T19:27:58+00:00\",\"breadcrumb\":{\"@id\":\"https:\/\/www.sonimec.ca\/index.php\/complexe-sport-culture\/#breadcrumb\"},\"inLanguage\":\"fr-FR\",\"potentialAction\":[{\"@type\":\"ReadAction\",\"target\":[\"https:\/\/www.sonimec.ca\/index.php\/complexe-sport-culture\/\"]}]},{\"@type\":\"BreadcrumbList\",\"@id\":\"https:\/\/www.sonimec.ca\/index.php\/complexe-sport-culture\/#breadcrumb\",\"itemListElement\":[{\"@type\":\"ListItem\",\"position\":1,\"name\":\"Accueil\",\"item\":\"https:\/\/www.sonimec.ca\/\"},{\"@type\":\"ListItem\",\"position\":2,\"name\":\"Sport-Culture\"}]},{\"@type\":\"WebSite\",\"@id\":\"http:\/\/www.sonimec.ca\/#website\",\"url\":\"http:\/\/www.sonimec.ca\/\",\"name\":\"Sonimec\",\"description\":\"Audiovisuel Commercial\",\"publisher\":{\"@id\":\"http:\/\/www.sonimec.ca\/#organization\"},\"potentialAction\":[{\"@type\":\"SearchAction\",\"target\":{\"@type\":\"EntryPoint\",\"urlTemplate\":\"http:\/\/www.sonimec.ca\/?s={search_term_string}\"},\"query-input\":\"required name=search_term_string\"}],\"inLanguage\":\"fr-FR\"},{\"@type\":\"Organization\",\"@id\":\"http:\/\/www.sonimec.ca\/#organization\",\"name\":\"Sonimec\",\"url\":\"http:\/\/www.sonimec.ca\/\",\"sameAs\":[\"https:\/\/www.linkedin.com\/in\/daniel-bolduc-00535358\/\",\"https:\/\/www.facebook.com\/sonimec.ca\/\"],\"logo\":{\"@type\":\"ImageObject\",\"inLanguage\":\"fr-FR\",\"@id\":\"http:\/\/www.sonimec.ca\/#\/schema\/logo\/image\/\",\"url\":\"http:\/\/www.sonimec.ca\/wp-content\/uploads\/2017\/09\/Sonimec-GR-DM.jpg\",\"contentUrl\":\"http:\/\/www.sonimec.ca\/wp-content\/uploads\/2017\/09\/Sonimec-GR-DM.jpg\",\"width\":1660,\"height\":298,\"caption\":\"Sonimec\"},\"image\":{\"@id\":\"http:\/\/www.sonimec.ca\/#\/schema\/logo\/image\/\"}}]}<\/script>\n<!-- \/ Yoast SEO plugin. -->","yoast_head_json":{"title":"Sport-Culture - Sonimec","robots":{"index":"index","follow":"follow","max-snippet":"max-snippet:-1","max-image-preview":"max-image-preview:large","max-video-preview":"max-video-preview:-1"},"canonical":"https:\/\/www.sonimec.ca\/index.php\/complexe-sport-culture\/","og_locale":"fr_FR","og_type":"article","og_title":"Sport-Culture - Sonimec","og_description":"Les installations sportives et culturelles sont au coeur des liens de la communaut\u00e9. Ce sont en effet des lieux de communications et d\u2019\u00e9changes tr\u00e8s importants. Les technologies de diffusion audio-visuels y tiennes donc une place n\u00e9vralgique.\u00a0 L\u2019\u00e9quipe SONIMEC \u00e9tudie soigneusement l\u2019environnement pour obtenir la meilleur qualit\u00e9 de diffusion qui soit, et ce , m\u00eame dansRead More","og_url":"https:\/\/www.sonimec.ca\/index.php\/complexe-sport-culture\/","og_site_name":"Sonimec","article_publisher":"https:\/\/www.facebook.com\/sonimec.ca\/","og_image":[{"width":1070,"height":588,"url":"https:\/\/www.sonimec.ca\/wp-content\/uploads\/2015\/04\/yvan-cournoyer2.jpg","type":"image\/jpeg"}],"twitter_card":"summary_large_image","schema":{"@context":"https:\/\/schema.org","@graph":[{"@type":"WebPage","@id":"https:\/\/www.sonimec.ca\/index.php\/complexe-sport-culture\/","url":"https:\/\/www.sonimec.ca\/index.php\/complexe-sport-culture\/","name":"Sport-Culture - Sonimec","isPartOf":{"@id":"http:\/\/www.sonimec.ca\/#website"},"datePublished":"2015-04-07T19:27:58+00:00","dateModified":"2015-04-07T19:27:58+00:00","breadcrumb":{"@id":"https:\/\/www.sonimec.ca\/index.php\/complexe-sport-culture\/#breadcrumb"},"inLanguage":"fr-FR","potentialAction":[{"@type":"ReadAction","target":["https:\/\/www.sonimec.ca\/index.php\/complexe-sport-culture\/"]}]},{"@type":"BreadcrumbList","@id":"https:\/\/www.sonimec.ca\/index.php\/complexe-sport-culture\/#breadcrumb","itemListElement":[{"@type":"ListItem","position":1,"name":"Accueil","item":"https:\/\/www.sonimec.ca\/"},{"@type":"ListItem","position":2,"name":"Sport-Culture"}]},{"@type":"WebSite","@id":"http:\/\/www.sonimec.ca\/#website","url":"http:\/\/www.sonimec.ca\/","name":"Sonimec","description":"Audiovisuel Commercial","publisher":{"@id":"http:\/\/www.sonimec.ca\/#organization"},"potentialAction":[{"@type":"SearchAction","target":{"@type":"EntryPoint","urlTemplate":"http:\/\/www.sonimec.ca\/?s={search_term_string}"},"query-input":"required name=search_term_string"}],"inLanguage":"fr-FR"},{"@type":"Organization","@id":"http:\/\/www.sonimec.ca\/#organization","name":"Sonimec","url":"http:\/\/www.sonimec.ca\/","sameAs":["https:\/\/www.linkedin.com\/in\/daniel-bolduc-00535358\/","https:\/\/www.facebook.com\/sonimec.ca\/"],"logo":{"@type":"ImageObject","inLanguage":"fr-FR","@id":"http:\/\/www.sonimec.ca\/#\/schema\/logo\/image\/","url":"http:\/\/www.sonimec.ca\/wp-content\/uploads\/2017\/09\/Sonimec-GR-DM.jpg","contentUrl":"http:\/\/www.sonimec.ca\/wp-content\/uploads\/2017\/09\/Sonimec-GR-DM.jpg","width":1660,"height":298,"caption":"Sonimec"},"image":{"@id":"http:\/\/www.sonimec.ca\/#\/schema\/logo\/image\/"}}]}},"_links":{"self":[{"href":"http:\/\/www.sonimec.ca\/index.php\/wp-json\/wp\/v2\/pages\/85"}],"collection":[{"href":"http:\/\/www.sonimec.ca\/index.php\/wp-json\/wp\/v2\/pages"}],"about":[{"href":"http:\/\/www.sonimec.ca\/index.php\/wp-json\/wp\/v2\/types\/page"}],"author":[{"embeddable":true,"href":"http:\/\/www.sonimec.ca\/index.php\/wp-json\/wp\/v2\/users\/1"}],"replies":[{"embeddable":true,"href":"http:\/\/www.sonimec.ca\/index.php\/wp-json\/wp\/v2\/comments?post=85"}],"version-history":[{"count":0,"href":"http:\/\/www.sonimec.ca\/index.php\/wp-json\/wp\/v2\/pages\/85\/revisions"}],"wp:featuredmedia":[{"embeddable":true,"href":"http:\/\/www.sonimec.ca\/index.php\/wp-json\/wp\/v2\/media\/91"}],"wp:attachment":[{"href":"http:\/\/www.sonimec.ca\/index.php\/wp-json\/wp\/v2\/media?parent=85"}],"wp:term":[{"taxonomy":"category","embeddable":true,"href":"http:\/\/www.sonimec.ca\/index.php\/wp-json\/wp\/v2\/categories?post=85"},{"taxonomy":"post_tag","embeddable":true,"href":"http:\/\/www.sonimec.ca\/index.php\/wp-json\/wp\/v2\/tags?post=85"}],"curies":[{"name":"wp","href":"https:\/\/api.w.org\/{rel}","templated":true}]}}